{"id":98,"date":"2019-01-29T15:24:42","date_gmt":"2019-01-29T14:24:42","guid":{"rendered":"http:\/\/hv-wahrenholz.ichtys-media.de\/?page_id=98"},"modified":"2019-01-29T17:27:22","modified_gmt":"2019-01-29T16:27:22","slug":"mitglied-werden","status":"publish","type":"page","link":"https:\/\/hv-wahrenholz.de\/?page_id=98","title":{"rendered":"Mitglied werden"},"content":{"rendered":"<div style=\"text-align: justify;\"><span style=\"font-family: arial,helvetica,sans-serif; font-size: 10pt;\">Sie m\u00f6chten Mitglied im Heimatverein Wahrenholz e. V. werden? In diesem Fall bitten wir Sie, eines der beiden Formulare auszuf\u00fcllen und an den 1. Vorsizenden weiterzuleiten. Die Formulare sind im PDF-Format hinterlegt und k\u00f6nnen durch Anklicken heruntergeladen werden. Im unteren Bereich dieser Seite finden Sie ein Muster des Formulares.<\/span><\/div>\n<div style=\"text-align: left;\">\u00a0<\/div>\n<table style=\"border-style: hidden;\" align=\"center\">\n<tbody align=\"center\">\n<tr align=\"center\" valign=\"middle\">\n<td style=\"border-style: hidden;\" valign=\"middle\"><strong>Antrag Mitgliedschaft<\/strong><\/td>\n<td style=\"border-style: hidden;\" valign=\"middle\">\u00a0<\/td>\n<td style=\"border-style: hidden;\" valign=\"middle\"><strong>\u00c4nderung Mitgliedschaft<\/strong><\/td>\n<\/tr>\n<tr align=\"center\" valign=\"middle\">\n<td style=\"border-style: hidden;\" align=\"center\"><a href=\"..\/images\/bilder\/der_verein\/mitglied_werden\/antrag_mitgliedschaft_pc.pdf\" target=\"_blank\" rel=\"noopener\"><img loading=\"lazy\" decoding=\"async\" src=\"..\/images\/bilder\/der_verein\/mitglied_werden\/mitglied_antrag_pc.jpg\" alt=\"mitglied antrag pc\" width=\"261\" height=\"354\" \/><\/a>\u00a0<\/td>\n<td style=\"border-style: hidden;\">\u00a0<\/td>\n<td style=\"border-style: hidden;\"><a href=\"..\/images\/bilder\/der_verein\/mitglied_werden\/antrag_mitgliedschaft_handschrift.pdf\" target=\"_blank\" rel=\"noopener\"><img loading=\"lazy\" decoding=\"async\" src=\"..\/images\/bilder\/der_verein\/mitglied_werden\/mitglied_antrag_hand.jpg\" alt=\"mitglied antrag hand\" width=\"260\" height=\"358\" \/><\/a><\/td>\n<\/tr>\n<tr>\n<td style=\"border-style: hidden; text-align: center;\" align=\"center\">\n<div><span style=\"font-size: 10pt;\"><a href=\"..\/images\/bilder\/der_verein\/mitglied_werden\/antrag_mitgliedschaft_pc.pdf\" target=\"_blank\" rel=\"noopener\">Formular herunterladen, ausdrucken<\/a><\/span><\/div>\n<div><span style=\"font-size: 10pt;\"><a href=\"..\/images\/bilder\/der_verein\/mitglied_werden\/antrag_mitgliedschaft_pc.pdf\" target=\"_blank\" rel=\"noopener\"> und handschriftlich ausf\u00fcllen.<\/a><\/span><\/div>\n<\/td>\n<td style=\"border-style: hidden; text-align: center;\" align=\"center\">\u00a0<\/td>\n<td style=\"border-style: hidden; text-align: center;\" align=\"justify\" valign=\"top\">\n<div style=\"text-align: center;\"><span style=\"font-size: 10pt;\"><a href=\"..\/images\/bilder\/der_verein\/mitglied_werden\/antrag_mitgliedschaft_handschrift.pdf\" target=\"_blank\" rel=\"noopener\">Formular herunterladen, ausdrucken<\/a><\/span><\/div>\n<div style=\"text-align: center;\"><span style=\"font-size: 10pt;\"><a href=\"..\/images\/bilder\/der_verein\/mitglied_werden\/antrag_mitgliedschaft_handschrift.pdf\" target=\"_blank\" rel=\"noopener\"> und handschriftlich ausf\u00fcllen. <\/a><\/span><\/div>\n<\/td>\n<\/tr>\n<\/tbody>\n<\/table>\n<p>&nbsp;<\/p>\n<div style=\"text-align: left;\">\n<hr \/>\n<\/div>\n<div style=\"text-align: left;\"><span style=\"font-family: arial,helvetica,sans-serif; font-size: 8pt;\">Muster<\/span><\/div>\n<div style=\"text-align: left;\">\u00a0<\/div>\n<div style=\"text-align: left;\">Heimatverein Wahrenholz e.V.<br \/>\n1. Vorsitzender Reiner Meyer<br \/>\nBernwardstr. 11<\/div>\n<p style=\"text-align: left;\">29399 Wahrenholz<\/p>\n<p style=\"text-align: left;\">\u00a0<\/p>\n<p style=\"text-align: left;\"><strong>Antrag auf Mitgliedschaft<\/strong><\/p>\n<p style=\"text-align: left;\">Hiermit beantrage ich die Mitgliedschaft im Heimatverein Wahrenholz e.V.<br \/>\nDer Mitgliedsbeitrag betr\u00e4gt zur Zeit 18,- \u20ac\/Jahr.<\/p>\n<p style=\"text-align: left;\">Vor- und Zuname: ______________________________\u00a0\u00a0\u00a0\u00a0\u00a0\u00a0\u00a0\u00a0\u00a0\u00a0\u00a0\u00a0\u00a0\u00a0\u00a0 Beruf: ______________________<\/p>\n<p style=\"text-align: left;\">Adresse: ______________________________________\u00a0\u00a0\u00a0\u00a0\u00a0\u00a0\u00a0\u00a0\u00a0\u00a0\u00a0\u00a0\u00a0\u00a0 Geburtsdatum: _______________<\/p>\n<p style=\"text-align: left;\">Tel.: _________________\u00a0\u00a0\u00a0 Fax: ________________\u00a0\u00a0\u00a0\u00a0\u00a0\u00a0\u00a0\u00a0\u00a0\u00a0\u00a0\u00a0\u00a0\u00a0\u00a0\u00a0\u00a0\u00a0 Email: ______________________<\/p>\n<p style=\"text-align: left;\">Datum: _____________\u00a0\u00a0\u00a0\u00a0\u00a0\u00a0\u00a0\u00a0\u00a0\u00a0\u00a0\u00a0\u00a0\u00a0\u00a0\u00a0\u00a0\u00a0\u00a0\u00a0\u00a0\u00a0\u00a0\u00a0\u00a0\u00a0\u00a0\u00a0\u00a0\u00a0\u00a0\u00a0\u00a0\u00a0\u00a0\u00a0\u00a0\u00a0\u00a0\u00a0\u00a0\u00a0\u00a0\u00a0\u00a0\u00a0\u00a0\u00a0\u00a0\u00a0\u00a0\u00a0\u00a0\u00a0\u00a0\u00a0\u00a0\u00a0\u00a0\u00a0\u00a0 Unterschrift: ____________________<\/p>\n<p style=\"text-align: justify;\"><span style=\"font-family: arial, helvetica, sans-serif; font-size: 8pt;\">Gem\u00e4\u00df der Europ\u00e4ischen Datenschutzgrundverordnung vom 25.05.2018 (DSGVO Art. 13) ist der Heimatverein verpflichtet, auf folgendes hinzuweisen: Zum Zweck der Mitgliederverwaltung werden folgende personenbezogene Daten verarbeitet: Name &amp; Vorname, Geburtsdatum, Anschrift, ggf. Email &amp; Tel.Nr. Diese Daten werden f\u00fcr die Dauer der Mitgliedschaft und ggf. anschlie\u00dfend gem\u00e4\u00df den gesetzlichen Aufbewahrungsvorschriften gespeichert. Seitens des Mitglieds bestehen folgende Rechte: Recht auf Auskunft, Recht auf<\/span><br \/>\n<span style=\"font-family: arial, helvetica, sans-serif; font-size: 8pt;\">Berichtigung oder L\u00f6schung oder Einschr\u00e4nkung der Verarbeitung oder ein Widerspruchsrecht gegen die Verarbeitung sowie das Recht auf Daten\u00fcbertragbarkeit. Es besteht keine Verpflichtung, die Daten bereitzustellen. In diesem Fall ist eine Mitgliedschaft jedoch nicht m\u00f6glich.<\/span><\/p>\n<p style=\"text-align: left;\">&#8211; &#8211; &#8211; &#8211; &#8211; &#8211; &#8211; &#8211; &#8211; &#8211; &#8211; &#8211; &#8211; &#8211; &#8211; &#8211; &#8211; &#8211; &#8211; &#8211; &#8211; &#8211; &#8211; &#8211; &#8211; &#8211; &#8211; &#8211; &#8211; &#8211; &#8211; &#8211; &#8211; &#8211; &#8211; &#8211; &#8211; &#8211; &#8211; &#8211; &#8211; &#8211; &#8211; &#8211; &#8211; &#8211; &#8211; &#8211; &#8211; &#8211; &#8211; &#8211; &#8211; &#8211; &#8211; &#8211; &#8211; &#8211; &#8211; &#8211; &#8211; &#8211; &#8211; &#8211; &#8211;<\/p>\n<p style=\"text-align: left;\">Erm\u00e4chtigung zum Einzug des Mitgliedsbeitrages per Lastschrift<\/p>\n<p style=\"text-align: left;\">Hiermit erm\u00e4chtige ich den Heimatverein Wahrenholz e.V. widerruflich, den Beitrag einmal zu Anfang jeden Jahres zu Lasten meines<\/p>\n<p style=\"text-align: left;\">Girokonto Nr.:<\/p>\n<p style=\"text-align: left;\">bei Kreditinstitut: BLZ:<\/p>\n<p style=\"text-align: left;\">IBAN: BIC:<\/p>\n<p style=\"text-align: left;\">durch Lastschrift einzuziehen.<\/p>\n<p style=\"text-align: left;\">Wenn mein Konto die erforderliche Deckung nicht aufweist, besteht seitens des kontof\u00fchrenden Kreditinstituts keine Verpflichtung zur Einl\u00f6sung. Evtl. anfallende Geb\u00fchren bei Nichteinl\u00f6sung fallen zu meinen Lasten.<\/p>\n<p style=\"text-align: left;\">Name &amp; Anschrift: _______________________\u00a0\u00a0\u00a0\u00a0\u00a0\u00a0\u00a0\u00a0\u00a0\u00a0\u00a0\u00a0\u00a0\u00a0\u00a0\u00a0\u00a0\u00a0\u00a0\u00a0\u00a0\u00a0\u00a0\u00a0\u00a0\u00a0\u00a0\u00a0\u00a0\u00a0 Datum: ________________<\/p>\n<p style=\"text-align: left;\">\u00a0\u00a0\u00a0\u00a0\u00a0\u00a0\u00a0\u00a0\u00a0\u00a0\u00a0\u00a0\u00a0\u00a0\u00a0\u00a0\u00a0\u00a0\u00a0\u00a0\u00a0\u00a0\u00a0\u00a0\u00a0\u00a0 _______________________<\/p>\n<p style=\"text-align: left;\">\u00a0\u00a0\u00a0\u00a0\u00a0\u00a0\u00a0\u00a0\u00a0\u00a0\u00a0\u00a0\u00a0\u00a0\u00a0\u00a0\u00a0\u00a0\u00a0\u00a0\u00a0\u00a0\u00a0\u00a0\u00a0\u00a0 _______________________\u00a0\u00a0\u00a0\u00a0\u00a0\u00a0\u00a0\u00a0\u00a0\u00a0\u00a0\u00a0\u00a0\u00a0\u00a0\u00a0\u00a0\u00a0\u00a0\u00a0\u00a0\u00a0\u00a0\u00a0\u00a0\u00a0\u00a0\u00a0\u00a0\u00a0 Unterschrift: ________________<\/p>\n","protected":false},"excerpt":{"rendered":"<p>Sie m\u00f6chten Mitglied im Heimatverein Wahrenholz e. V. werden? In diesem Fall bitten wir Sie, eines der beiden Formulare auszuf\u00fcllen und an den 1. Vorsizenden weiterzuleiten. Die Formulare sind im PDF-Format hinterlegt und k\u00f6nnen durch Anklicken heruntergeladen werden. Im unteren Bereich dieser Seite finden Sie ein Muster des Formulares. \u00a0 Antrag Mitgliedschaft \u00a0 \u00c4nderung Mitgliedschaft<\/p><\/div>\n<div class=\"blog-btn\"><a href=\"https:\/\/hv-wahrenholz.de\/?page_id=98\" class=\"home-blog-btn\">Weiterlesen<\/a><\/p>\n","protected":false},"author":1,"featured_media":0,"parent":0,"menu_order":0,"comment_status":"closed","ping_status":"closed","template":"","meta":{"footnotes":""},"class_list":["post-98","page","type-page","status-publish","hentry"],"_links":{"self":[{"href":"https:\/\/hv-wahrenholz.de\/index.php?rest_route=\/wp\/v2\/pages\/98","targetHints":{"allow":["GET"]}}],"collection":[{"href":"https:\/\/hv-wahrenholz.de\/index.php?rest_route=\/wp\/v2\/pages"}],"about":[{"href":"https:\/\/hv-wahrenholz.de\/index.php?rest_route=\/wp\/v2\/types\/page"}],"author":[{"embeddable":true,"href":"https:\/\/hv-wahrenholz.de\/index.php?rest_route=\/wp\/v2\/users\/1"}],"replies":[{"embeddable":true,"href":"https:\/\/hv-wahrenholz.de\/index.php?rest_route=%2Fwp%2Fv2%2Fcomments&post=98"}],"version-history":[{"count":6,"href":"https:\/\/hv-wahrenholz.de\/index.php?rest_route=\/wp\/v2\/pages\/98\/revisions"}],"predecessor-version":[{"id":143,"href":"https:\/\/hv-wahrenholz.de\/index.php?rest_route=\/wp\/v2\/pages\/98\/revisions\/143"}],"wp:attachment":[{"href":"https:\/\/hv-wahrenholz.de\/index.php?rest_route=%2Fwp%2Fv2%2Fmedia&parent=98"}],"curies":[{"name":"wp","href":"https:\/\/api.w.org\/{rel}","templated":true}]}}