{"id":243,"date":"2019-02-15T17:45:25","date_gmt":"2019-02-15T16:45:25","guid":{"rendered":"http:\/\/hv-wahrenholz.ichtys-media.de\/?page_id=243"},"modified":"2019-02-17T22:19:10","modified_gmt":"2019-02-17T21:19:10","slug":"ueber-uns","status":"publish","type":"page","link":"https:\/\/hv-wahrenholz.de\/?page_id=243","title":{"rendered":"\u00dcber Uns"},"content":{"rendered":"<p style=\"text-align: justify;\"><span style=\"font-family: arial, helvetica, sans-serif;\"><img loading=\"lazy\" decoding=\"async\" class=\"size-medium wp-image-302 alignleft\" style=\"margin: 10px;\" src=\"..\/wp-content\/uploads\/2019\/02\/Heimatverein-Logo-schmal-300x267.jpg\" alt=\"\" width=\"300\" height=\"267\" srcset=\"https:\/\/hv-wahrenholz.de\/wp-content\/uploads\/2019\/02\/Heimatverein-Logo-schmal-300x267.jpg 300w, https:\/\/hv-wahrenholz.de\/wp-content\/uploads\/2019\/02\/Heimatverein-Logo-schmal.jpg 384w\" sizes=\"auto, (max-width: 300px) 100vw, 300px\" \/>Der Heimatverein Wahrenholz e.V. wurde im Mai 2009 gegr\u00fcndet und hat aktuell 65 Mitglieder (Stand: Jan. 2019). Er ist ein beim Registergericht in Hildesheim eingetragener Verein, der vom Finanzamt Gifhorn als gemeinn\u00fctzig anerkannt ist. Der Heimatverein bietet seinen Mitgliedern und G\u00e4sten ein vielf\u00e4ltiges Jahresprogramm mit Ausfl\u00fcgen und Vortr\u00e4gen an. Zum offenen Stammtisch, jeweils am ersten Donnerstag des Monats, sind alle heimat- und geschichtsinteressierten Menschen herzlich eingeladen. Von 2010 bis 2016 war der Verein j\u00e4hrlich Ausrichter der <i>Heimat-B\u00fccherb\u00f6rse f\u00fcr den Landkreis Gifhorn<\/i>, einer Tauschb\u00f6rse f\u00fcr Heimat- und Geschichtsliteratur sowie verwandter Themen. Im November 2013 erschien die erste Vereinsver\u00f6ffentlichung, die \u201eWahrenholzer Soldatenbiographien\u201c, im November 2018 dann die zweite, das \u201eWahrenholz Lexikon\u201c. Der Heimatverein versucht \u2013 neben zahlreichen traditionellen Vereinen im Dorf \u2013 die Traditionen zu pflegen, Geschichte und Kultur der Gemeinde zu erforschen und den Menschen zu vermitteln.<\/span><\/p>\n<p><img loading=\"lazy\" decoding=\"async\" class=\"aligncenter\" src=\"\/bilder\/footer\/footer_bg_default.jpg\" alt=\"\" width=\"1000\" height=\"200\" \/><\/p>\n","protected":false},"excerpt":{"rendered":"<p>Der Heimatverein Wahrenholz e.V. wurde im Mai 2009 gegr\u00fcndet und hat aktuell 65 Mitglieder (Stand: Jan. 2019). Er ist ein beim Registergericht in Hildesheim eingetragener Verein, der vom Finanzamt Gifhorn als gemeinn\u00fctzig anerkannt ist. Der Heimatverein bietet seinen Mitgliedern und G\u00e4sten ein vielf\u00e4ltiges Jahresprogramm mit Ausfl\u00fcgen und Vortr\u00e4gen an. Zum offenen Stammtisch, jeweils am ersten<\/p><\/div>\n<div class=\"blog-btn\"><a href=\"https:\/\/hv-wahrenholz.de\/?page_id=243\" class=\"home-blog-btn\">Weiterlesen<\/a><\/p>\n","protected":false},"author":1,"featured_media":0,"parent":0,"menu_order":0,"comment_status":"closed","ping_status":"closed","template":"","meta":{"footnotes":""},"class_list":["post-243","page","type-page","status-publish","hentry"],"_links":{"self":[{"href":"https:\/\/hv-wahrenholz.de\/index.php?rest_route=\/wp\/v2\/pages\/243","targetHints":{"allow":["GET"]}}],"collection":[{"href":"https:\/\/hv-wahrenholz.de\/index.php?rest_route=\/wp\/v2\/pages"}],"about":[{"href":"https:\/\/hv-wahrenholz.de\/index.php?rest_route=\/wp\/v2\/types\/page"}],"author":[{"embeddable":true,"href":"https:\/\/hv-wahrenholz.de\/index.php?rest_route=\/wp\/v2\/users\/1"}],"replies":[{"embeddable":true,"href":"https:\/\/hv-wahrenholz.de\/index.php?rest_route=%2Fwp%2Fv2%2Fcomments&post=243"}],"version-history":[{"count":5,"href":"https:\/\/hv-wahrenholz.de\/index.php?rest_route=\/wp\/v2\/pages\/243\/revisions"}],"predecessor-version":[{"id":303,"href":"https:\/\/hv-wahrenholz.de\/index.php?rest_route=\/wp\/v2\/pages\/243\/revisions\/303"}],"wp:attachment":[{"href":"https:\/\/hv-wahrenholz.de\/index.php?rest_route=%2Fwp%2Fv2%2Fmedia&parent=243"}],"curies":[{"name":"wp","href":"https:\/\/api.w.org\/{rel}","templated":true}]}}